{"id":2481,"date":"2021-02-27T14:35:32","date_gmt":"2021-02-27T14:35:32","guid":{"rendered":"https:\/\/fshi.edu.mk\/?page_id=2481"},"modified":"2021-02-27T14:35:32","modified_gmt":"2021-02-27T14:35:32","slug":"u-dh-e-z-i-m-per-mbrojtje-nga-shqetesimi-ne-vendin-e-punes-ne-fakultetin-e-shkencave-islame-shkup","status":"publish","type":"page","link":"https:\/\/fshi.edu.mk\/mk\/u-dh-e-z-i-m-per-mbrojtje-nga-shqetesimi-ne-vendin-e-punes-ne-fakultetin-e-shkencave-islame-shkup\/","title":{"rendered":"U DH \u00cb Z I M &#8211; P\u00ebr mbrojtje nga shqet\u00ebsimi n\u00eb vendin e pun\u00ebs n\u00eb Fakultetin e Shkencave Islame &#8211; Shkup"},"content":{"rendered":"<p><div class='content-column full_width'><\/div><a href=\"https:\/\/fshi.edu.mk\/wp-content\/uploads\/2021\/02\/udhezim_mobingu.pdf\" class=\"pdfemb-viewer\" style=\"width:950px;height:750px;\" data-width=\"950\" data-height=\"750\" data-toolbar=\"bottom\" data-toolbar-fixed=\"off\">udhezim_mobingu<\/a><\/p>","protected":false},"excerpt":{"rendered":"","protected":false},"author":4,"featured_media":0,"parent":0,"menu_order":0,"comment_status":"closed","ping_status":"closed","template":"","meta":{"footnotes":""},"class_list":["post-2481","page","type-page","status-publish","hentry"],"_links":{"self":[{"href":"https:\/\/fshi.edu.mk\/mk\/wp-json\/wp\/v2\/pages\/2481","targetHints":{"allow":["GET"]}}],"collection":[{"href":"https:\/\/fshi.edu.mk\/mk\/wp-json\/wp\/v2\/pages"}],"about":[{"href":"https:\/\/fshi.edu.mk\/mk\/wp-json\/wp\/v2\/types\/page"}],"author":[{"embeddable":true,"href":"https:\/\/fshi.edu.mk\/mk\/wp-json\/wp\/v2\/users\/4"}],"replies":[{"embeddable":true,"href":"https:\/\/fshi.edu.mk\/mk\/wp-json\/wp\/v2\/comments?post=2481"}],"version-history":[{"count":1,"href":"https:\/\/fshi.edu.mk\/mk\/wp-json\/wp\/v2\/pages\/2481\/revisions"}],"predecessor-version":[{"id":2482,"href":"https:\/\/fshi.edu.mk\/mk\/wp-json\/wp\/v2\/pages\/2481\/revisions\/2482"}],"wp:attachment":[{"href":"https:\/\/fshi.edu.mk\/mk\/wp-json\/wp\/v2\/media?parent=2481"}],"curies":[{"name":"wp","href":"https:\/\/api.w.org\/{rel}","templated":true}]}}