{"id":2385,"date":"2020-12-17T14:58:32","date_gmt":"2020-12-17T14:58:32","guid":{"rendered":"https:\/\/fshi.edu.mk\/?page_id=2385"},"modified":"2024-02-15T14:42:08","modified_gmt":"2024-02-15T14:42:08","slug":"hulumtimet","status":"publish","type":"page","link":"https:\/\/fshi.edu.mk\/en\/hulumtimet\/","title":{"rendered":"Research"},"content":{"rendered":"<p><div class=\"fusion-fullwidth fullwidth-box fusion-builder-row-1 fusion-flex-container nonhundred-percent-fullwidth non-hundred-percent-height-scrolling\" style=\"--awb-border-radius-top-left:0px;--awb-border-radius-top-right:0px;--awb-border-radius-bottom-right:0px;--awb-border-radius-bottom-left:0px;--awb-flex-wrap:wrap;\" ><div class=\"fusion-builder-row fusion-row fusion-flex-align-items-flex-start fusion-flex-content-wrap\" style=\"max-width:1331.2px;margin-left: calc(-4% \/ 2 );margin-right: calc(-4% \/ 2 );\"><div class=\"fusion-layout-column fusion_builder_column fusion-builder-column-0 fusion_builder_column_1_1 1_1 fusion-flex-column\" style=\"--awb-bg-size:cover;--awb-width-large:100%;--awb-margin-top-large:10px;--awb-spacing-right-large:1.92%;--awb-margin-bottom-large:10px;--awb-spacing-left-large:1.92%;--awb-width-medium:100%;--awb-order-medium:0;--awb-spacing-right-medium:1.92%;--awb-spacing-left-medium:1.92%;--awb-width-small:100%;--awb-order-small:0;--awb-spacing-right-small:1.92%;--awb-spacing-left-small:1.92%;\"><div class=\"fusion-column-wrapper fusion-column-has-shadow fusion-flex-justify-content-flex-start fusion-content-layout-column\"><\/div><\/div><\/div><\/div><div class=\"fusion-fullwidth fullwidth-box fusion-builder-row-2 fusion-flex-container nonhundred-percent-fullwidth non-hundred-percent-height-scrolling\" style=\"--awb-border-radius-top-left:0px;--awb-border-radius-top-right:0px;--awb-border-radius-bottom-right:0px;--awb-border-radius-bottom-left:0px;--awb-flex-wrap:wrap;\" ><div class=\"fusion-builder-row fusion-row fusion-flex-align-items-flex-start fusion-flex-content-wrap\" style=\"max-width:1331.2px;margin-left: calc(-4% \/ 2 );margin-right: calc(-4% \/ 2 );\"><div class=\"fusion-layout-column fusion_builder_column fusion-builder-column-1 fusion_builder_column_1_1 1_1 fusion-flex-column\" style=\"--awb-bg-size:cover;--awb-width-large:100%;--awb-margin-top-large:10px;--awb-spacing-right-large:1.92%;--awb-margin-bottom-large:10px;--awb-spacing-left-large:1.92%;--awb-width-medium:100%;--awb-order-medium:0;--awb-spacing-right-medium:1.92%;--awb-spacing-left-medium:1.92%;--awb-width-small:100%;--awb-order-small:0;--awb-spacing-right-small:1.92%;--awb-spacing-left-small:1.92%;\"><div class=\"fusion-column-wrapper fusion-column-has-shadow fusion-flex-justify-content-flex-start fusion-content-layout-column\"><div ><a class=\"fusion-button button-flat fusion-button-default-size button-default fusion-button-default button-1 fusion-button-default-span fusion-button-default-type\" style=\"--button_text_transform:none;\" target=\"_self\"><span class=\"fusion-button-text awb-button__text awb-button__text--default\">KONFERENCAT MULTIKONFESIONALIZMI N\u00cb SHOQ\u00cbRIN\u00cb MULTIETNIKE DHE MULTIKONFESIONALE N\u00cb RMV<\/span><\/a><\/div><ul style=\"--awb-line-height:23.8px;--awb-icon-width:23.8px;--awb-icon-height:23.8px;--awb-icon-margin:9.8px;--awb-content-margin:33.6px;\" class=\"fusion-checklist fusion-checklist-1 fusion-checklist-default type-icons\"><li class=\"fusion-li-item\" style=\"\"><span class=\"icon-wrapper circle-no\"><i class=\"fusion-li-icon awb-icon-check\" aria-hidden=\"true\"><\/i><\/span><div class=\"fusion-li-item-content\">\n<p><a href=\"https:\/\/fshi.edu.mk\/wp-content\/uploads\/2020\/12\/Abstraktet-B5.pdf\">LIBRI I ABSTRAKTEVE<\/a><\/p>\n<\/div><\/li><\/ul><ul style=\"--awb-line-height:23.8px;--awb-icon-width:23.8px;--awb-icon-height:23.8px;--awb-icon-margin:9.8px;--awb-content-margin:33.6px;\" class=\"fusion-checklist fusion-checklist-2 fusion-checklist-default type-icons\"><li class=\"fusion-li-item\" style=\"\"><span class=\"icon-wrapper circle-no\"><i class=\"fusion-li-icon awb-icon-check\" aria-hidden=\"true\"><\/i><\/span><div class=\"fusion-li-item-content\">\n<p><a href=\"https:\/\/fshi.edu.mk\/wp-content\/uploads\/2020\/12\/Libri-i-punimeve-shkencore.pdf\">LIBRI I PUNIMEVE<\/a><\/p>\n<\/div><\/li><\/ul><div ><a class=\"fusion-button button-flat fusion-button-default-size button-default fusion-button-default button-2 fusion-button-default-span fusion-button-default-type\" style=\"--button_text_transform:none;\" target=\"_self\" href=\"https:\/\/fshi.edu.mk\/wp-content\/uploads\/2022\/08\/Permbledhje-punimesh-2021-finale-converted-1.pdf\"><span class=\"fusion-button-text awb-button__text awb-button__text--default\">P\u00cbRMBLEDHJE PUNIMESH &#8211; REVIST\u00cb SHKENCORE INTERDISIPLINARE ISLAME NR. 2<\/span><\/a><\/div><div ><a class=\"fusion-button button-flat fusion-button-default-size button-default fusion-button-default button-3 fusion-button-default-span fusion-button-default-type\" style=\"--button_text_transform:none;\" target=\"_self\" href=\"https:\/\/fshi.edu.mk\/wp-content\/uploads\/2022\/08\/Permbledhje-punimesh-2022-finale-1-converted_220801_122104-1.pdf\"><span class=\"fusion-button-text awb-button__text awb-button__text--default\">P\u00cbRMBLEDHJE PUNIMESH &#8211; REVIST\u00cb SHKENCORE INTERDISIPLINARE ISLAME NR. 3<\/span><\/a><\/div><div ><a class=\"fusion-button button-flat fusion-button-default-size button-default fusion-button-default button-4 fusion-button-default-span fusion-button-default-type\" target=\"_self\" href=\"https:\/\/fshi.edu.mk\/wp-content\/uploads\/2024\/02\/Permbledhje-punimesh-2023-finale.pdf\"><span class=\"fusion-button-text awb-button__text awb-button__text--default\">P\u00cbRMBLEDHJE PUNIMESH &#8211; REVIST\u00cb SHKENCORE INTERDISIPLINARE ISLAME NR. 4<\/span><\/a><\/div><\/div><\/div><div class=\"fusion-layout-column fusion_builder_column fusion-builder-column-2 fusion_builder_column_1_1 1_1 fusion-flex-column\" style=\"--awb-bg-size:cover;--awb-width-large:100%;--awb-margin-top-large:10px;--awb-spacing-right-large:1.92%;--awb-margin-bottom-large:10px;--awb-spacing-left-large:1.92%;--awb-width-medium:100%;--awb-order-medium:0;--awb-spacing-right-medium:1.92%;--awb-spacing-left-medium:1.92%;--awb-width-small:100%;--awb-order-small:0;--awb-spacing-right-small:1.92%;--awb-spacing-left-small:1.92%;\"><div class=\"fusion-column-wrapper fusion-column-has-shadow fusion-flex-justify-content-flex-start fusion-content-layout-column\"><\/div><\/div><\/div><\/div><\/p>","protected":false},"excerpt":{"rendered":"","protected":false},"author":4,"featured_media":0,"parent":0,"menu_order":0,"comment_status":"closed","ping_status":"closed","template":"","meta":{"footnotes":""},"class_list":["post-2385","page","type-page","status-publish","hentry"],"_links":{"self":[{"href":"https:\/\/fshi.edu.mk\/en\/wp-json\/wp\/v2\/pages\/2385","targetHints":{"allow":["GET"]}}],"collection":[{"href":"https:\/\/fshi.edu.mk\/en\/wp-json\/wp\/v2\/pages"}],"about":[{"href":"https:\/\/fshi.edu.mk\/en\/wp-json\/wp\/v2\/types\/page"}],"author":[{"embeddable":true,"href":"https:\/\/fshi.edu.mk\/en\/wp-json\/wp\/v2\/users\/4"}],"replies":[{"embeddable":true,"href":"https:\/\/fshi.edu.mk\/en\/wp-json\/wp\/v2\/comments?post=2385"}],"version-history":[{"count":24,"href":"https:\/\/fshi.edu.mk\/en\/wp-json\/wp\/v2\/pages\/2385\/revisions"}],"predecessor-version":[{"id":3603,"href":"https:\/\/fshi.edu.mk\/en\/wp-json\/wp\/v2\/pages\/2385\/revisions\/3603"}],"wp:attachment":[{"href":"https:\/\/fshi.edu.mk\/en\/wp-json\/wp\/v2\/media?parent=2385"}],"curies":[{"name":"wp","href":"https:\/\/api.w.org\/{rel}","templated":true}]}}