{"id":2063,"date":"2020-09-12T14:04:54","date_gmt":"2020-09-12T14:04:54","guid":{"rendered":"https:\/\/fshi.edu.mk\/?page_id=2063"},"modified":"2020-09-14T22:43:27","modified_gmt":"2020-09-14T22:43:27","slug":"konkurset","status":"publish","type":"page","link":"https:\/\/fshi.edu.mk\/en\/konkurset\/","title":{"rendered":"Calls"},"content":{"rendered":"<div class=\"fusion-fullwidth fullwidth-box fusion-builder-row-1 fusion-flex-container nonhundred-percent-fullwidth non-hundred-percent-height-scrolling\" style=\"--awb-border-radius-top-left:0px;--awb-border-radius-top-right:0px;--awb-border-radius-bottom-right:0px;--awb-border-radius-bottom-left:0px;--awb-flex-wrap:wrap;\" ><div class=\"fusion-builder-row fusion-row fusion-flex-align-items-flex-start fusion-flex-content-wrap\" style=\"max-width:1331.2px;margin-left: calc(-4% \/ 2 );margin-right: calc(-4% \/ 2 );\"><div class=\"fusion-layout-column fusion_builder_column fusion-builder-column-0 fusion_builder_column_1_1 1_1 fusion-flex-column\" style=\"--awb-bg-size:cover;--awb-width-large:100%;--awb-margin-top-large:10px;--awb-spacing-right-large:1.92%;--awb-margin-bottom-large:10px;--awb-spacing-left-large:1.92%;--awb-width-medium:100%;--awb-order-medium:0;--awb-spacing-right-medium:1.92%;--awb-spacing-left-medium:1.92%;--awb-width-small:100%;--awb-order-small:0;--awb-spacing-right-small:1.92%;--awb-spacing-left-small:1.92%;\"><div class=\"fusion-column-wrapper fusion-column-has-shadow fusion-flex-justify-content-flex-start fusion-content-layout-column\"><div class=\"fusion-blog-shortcode fusion-blog-shortcode-1 fusion-blog-archive fusion-blog-layout-large-alternate fusion-blog-pagination fusion-blog-no-images\"><div class=\"fusion-posts-container fusion-posts-container-pagination\" data-pages=\"7\"><article id=\"blog-1-post-4782\" class=\"fusion-post-large-alternate post-4782 post type-post status-publish format-standard hentry category-konkurset\">\n<div class=\"fusion-date-and-formats\"><div class=\"fusion-date-box updated\"><span class=\"fusion-date\">24<\/span><span class=\"fusion-month-year\">12, 2025<\/span><\/div><div class=\"fusion-format-box\"><i class=\"awb-icon-pen\" aria-hidden=\"true\"><\/i><\/div><\/div><div class=\"fusion-post-content post-content\"><h2 class=\"blog-shortcode-post-title entry-title\"><a href=\"https:\/\/fshi.edu.mk\/en\/k-o-n-k-u-r-s-per-themelimin-e-marredhenies-se-punes-me-afat-te-pacaktuar-ne-sherbimin-profesional-dhe-administrativ-te-fakultetit-te-shkencave-islame-shkup\/\">K O N K U R S p\u00ebr themelimin e marr\u00ebdh\u00ebnies s\u00eb pun\u00ebs me afat t\u00eb pacaktuar n\u00eb sh\u00ebrbimin profesional dhe administrativ t\u00eb Fakultetit t\u00eb Shkencave Islame \u2013 Shkup<\/a><\/h2><p class=\"fusion-single-line-meta\"><span class=\"vcard\" style=\"display: none;\"><span class=\"fn\"><a href=\"https:\/\/fshi.edu.mk\/en\/author\/fshi_admin\/\" title=\"Posts by Administrator\" rel=\"author\">Administrator<\/a><\/span><\/span><span class=\"updated\" style=\"display:none;\">2025-12-30T22:14:37+00:00<\/span><span>December 24th, 2025<\/span><span class=\"fusion-inline-sep\">|<\/span><\/p><div class=\"fusion-post-content-container\"><\/div><\/div><div class=\"fusion-clearfix\"><\/div><div class=\"fusion-meta-info\"><div class=\"fusion-alignright\"><a class=\"fusion-read-more\" href=\"https:\/\/fshi.edu.mk\/en\/k-o-n-k-u-r-s-per-themelimin-e-marredhenies-se-punes-me-afat-te-pacaktuar-ne-sherbimin-profesional-dhe-administrativ-te-fakultetit-te-shkencave-islame-shkup\/\" aria-label=\"More on K O N K U R S p\u00ebr themelimin e marr\u00ebdh\u00ebnies s\u00eb pun\u00ebs me afat t\u00eb pacaktuar n\u00eb sh\u00ebrbimin profesional dhe administrativ t\u00eb Fakultetit t\u00eb Shkencave Islame \u2013 Shkup\">Read More<\/a><\/div><\/div><\/article>\n<article id=\"blog-1-post-4703\" class=\"fusion-post-large-alternate post-4703 post type-post status-publish format-standard hentry category-konkurset\">\n<div class=\"fusion-date-and-formats\"><div class=\"fusion-date-box updated\"><span class=\"fusion-date\">19<\/span><span class=\"fusion-month-year\">11, 2025<\/span><\/div><div class=\"fusion-format-box\"><i class=\"awb-icon-pen\" aria-hidden=\"true\"><\/i><\/div><\/div><div class=\"fusion-post-content post-content\"><h2 class=\"blog-shortcode-post-title entry-title\"><a href=\"https:\/\/fshi.edu.mk\/en\/konkurs-per-afatin-shtese-per-regjistrimin-e-studenteve-ne-ciklin-e-dyte-te-studimeve-ne-fakultetin-e-shkencave-islame-shkup\/\">KONKURS p\u00ebr afatin shtes\u00eb p\u00ebr regjistrimin e student\u00ebve n\u00eb ciklin e dyt\u00eb t\u00eb studimeve n\u00eb Fakultetin e Shkencave Islame \u2013 Shkup<\/a><\/h2><p class=\"fusion-single-line-meta\"><span class=\"vcard\" style=\"display: none;\"><span class=\"fn\"><a href=\"https:\/\/fshi.edu.mk\/en\/author\/fshi_admin\/\" title=\"Posts by Administrator\" rel=\"author\">Administrator<\/a><\/span><\/span><span class=\"updated\" style=\"display:none;\">2025-11-23T16:16:23+00:00<\/span><span>November 19th, 2025<\/span><span class=\"fusion-inline-sep\">|<\/span><\/p><div class=\"fusion-post-content-container\"><\/div><\/div><div class=\"fusion-clearfix\"><\/div><div class=\"fusion-meta-info\"><div class=\"fusion-alignright\"><a class=\"fusion-read-more\" href=\"https:\/\/fshi.edu.mk\/en\/konkurs-per-afatin-shtese-per-regjistrimin-e-studenteve-ne-ciklin-e-dyte-te-studimeve-ne-fakultetin-e-shkencave-islame-shkup\/\" aria-label=\"More on KONKURS p\u00ebr afatin shtes\u00eb p\u00ebr regjistrimin e student\u00ebve n\u00eb ciklin e dyt\u00eb t\u00eb studimeve n\u00eb Fakultetin e Shkencave Islame \u2013 Shkup\">Read More<\/a><\/div><\/div><\/article>\n<article id=\"blog-1-post-4687\" class=\"fusion-post-large-alternate post-4687 post type-post status-publish format-standard hentry category-konkurset\">\n<div class=\"fusion-date-and-formats\"><div class=\"fusion-date-box updated\"><span class=\"fusion-date\">5<\/span><span class=\"fusion-month-year\">11, 2025<\/span><\/div><div class=\"fusion-format-box\"><i class=\"awb-icon-pen\" aria-hidden=\"true\"><\/i><\/div><\/div><div class=\"fusion-post-content post-content\"><h2 class=\"blog-shortcode-post-title entry-title\"><a href=\"https:\/\/fshi.edu.mk\/en\/konkurs-per-zgjedhje-te-antareve-dhe-kryetarit-te-kuvendit-studentor-te-fakulteti-te-shkencave-islame-shkup-%d0%be%d0%b3%d0%bb%d0%b0%d1%81-%d0%b7%d0%b0-%d0%b8%d0%b7%d0%b1%d0%be%d1%80\/\">Konkurs p\u00ebr zgjedhje t\u00eb antar\u00ebve dhe kryetarit t\u00eb Kuvendit Studentor t\u00eb Fakulteti t\u00eb Shkencave Islame \u2013 Shkup \/ \u041e\u0433\u043b\u0430\u0441 \u0437\u0430 \u0438\u0437\u0431\u043e\u0440 \u043d\u0430 \u0447\u043b\u0435\u043d\u043e\u0432\u0438 \u0438 \u043f\u0440\u0435\u0441\u0435\u0434\u0430\u0442\u0435\u043b \u043d\u0430 \u0441\u0442\u0443\u0434\u0435\u043d\u0441\u043a\u043e \u0441\u043e\u0431\u0440\u0430\u043d\u0438\u0435 \u043d\u0430 \u0424\u0430\u043a\u0443\u043b\u0442\u0435\u0442\u043e\u0442 \u0437\u0430 \u0438\u0441\u043b\u0430\u043c\u0441\u043a\u0438 \u043d\u0430\u0443\u043a\u0438 &#8211;  \u0421\u043a\u043e\u043f\u0458\u0435<\/a><\/h2><p class=\"fusion-single-line-meta\"><span class=\"vcard\" style=\"display: none;\"><span class=\"fn\"><a href=\"https:\/\/fshi.edu.mk\/en\/author\/fshi_admin\/\" title=\"Posts by Administrator\" rel=\"author\">Administrator<\/a><\/span><\/span><span class=\"updated\" style=\"display:none;\">2025-11-06T16:01:36+00:00<\/span><span>November 5th, 2025<\/span><span class=\"fusion-inline-sep\">|<\/span><\/p><div class=\"fusion-post-content-container\"><\/div><\/div><div class=\"fusion-clearfix\"><\/div><div class=\"fusion-meta-info\"><div class=\"fusion-alignright\"><a class=\"fusion-read-more\" href=\"https:\/\/fshi.edu.mk\/en\/konkurs-per-zgjedhje-te-antareve-dhe-kryetarit-te-kuvendit-studentor-te-fakulteti-te-shkencave-islame-shkup-%d0%be%d0%b3%d0%bb%d0%b0%d1%81-%d0%b7%d0%b0-%d0%b8%d0%b7%d0%b1%d0%be%d1%80\/\" aria-label=\"More on Konkurs p\u00ebr zgjedhje t\u00eb antar\u00ebve dhe kryetarit t\u00eb Kuvendit Studentor t\u00eb Fakulteti t\u00eb Shkencave Islame \u2013 Shkup \/ \u041e\u0433\u043b\u0430\u0441 \u0437\u0430 \u0438\u0437\u0431\u043e\u0440 \u043d\u0430 \u0447\u043b\u0435\u043d\u043e\u0432\u0438 \u0438 \u043f\u0440\u0435\u0441\u0435\u0434\u0430\u0442\u0435\u043b \u043d\u0430 \u0441\u0442\u0443\u0434\u0435\u043d\u0441\u043a\u043e \u0441\u043e\u0431\u0440\u0430\u043d\u0438\u0435 \u043d\u0430 \u0424\u0430\u043a\u0443\u043b\u0442\u0435\u0442\u043e\u0442 \u0437\u0430 \u0438\u0441\u043b\u0430\u043c\u0441\u043a\u0438 \u043d\u0430\u0443\u043a\u0438 &#8211;  \u0421\u043a\u043e\u043f\u0458\u0435\">Read More<\/a><\/div><\/div><\/article>\n<article id=\"blog-1-post-4648\" class=\"fusion-post-large-alternate post-4648 post type-post status-publish format-standard hentry category-konkurset\">\n<div class=\"fusion-date-and-formats\"><div class=\"fusion-date-box updated\"><span class=\"fusion-date\">8<\/span><span class=\"fusion-month-year\">10, 2025<\/span><\/div><div class=\"fusion-format-box\"><i class=\"awb-icon-pen\" aria-hidden=\"true\"><\/i><\/div><\/div><div class=\"fusion-post-content post-content\"><h2 class=\"blog-shortcode-post-title entry-title\"><a href=\"https:\/\/fshi.edu.mk\/en\/konkurs-per-regjistrimin-e-studenteve-ne-ciklin-e-dyte-te-studimeve-ne-fakultetin-e-shkencave-islame-afati-i-dyte-shkup-per-ne-vitin-akademik-2025-2026\/\">KONKURS p\u00ebr regjistrimin e student\u00ebve n\u00eb ciklin e par\u00eb t\u00eb studimeve n\u00eb Fakultetin e Shkencave Islame &#8211; Shkup p\u00ebr n\u00eb vitin akademik 2025\/2026 (afati shtes\u00eb)<\/a><\/h2><p class=\"fusion-single-line-meta\"><span class=\"vcard\" style=\"display: none;\"><span class=\"fn\"><a href=\"https:\/\/fshi.edu.mk\/en\/author\/fshi_admin\/\" title=\"Posts by Administrator\" rel=\"author\">Administrator<\/a><\/span><\/span><span class=\"updated\" style=\"display:none;\">2025-10-09T11:34:10+00:00<\/span><span>October 8th, 2025<\/span><span class=\"fusion-inline-sep\">|<\/span><\/p><div class=\"fusion-post-content-container\"><\/div><\/div><div class=\"fusion-clearfix\"><\/div><div class=\"fusion-meta-info\"><div class=\"fusion-alignright\"><a class=\"fusion-read-more\" href=\"https:\/\/fshi.edu.mk\/en\/konkurs-per-regjistrimin-e-studenteve-ne-ciklin-e-dyte-te-studimeve-ne-fakultetin-e-shkencave-islame-afati-i-dyte-shkup-per-ne-vitin-akademik-2025-2026\/\" aria-label=\"More on KONKURS p\u00ebr regjistrimin e student\u00ebve n\u00eb ciklin e par\u00eb t\u00eb studimeve n\u00eb Fakultetin e Shkencave Islame &#8211; Shkup p\u00ebr n\u00eb vitin akademik 2025\/2026 (afati shtes\u00eb)\">Read More<\/a><\/div><\/div><\/article>\n<article id=\"blog-1-post-4359\" class=\"fusion-post-large-alternate post-4359 post type-post status-publish format-standard hentry category-konkurset\">\n<div class=\"fusion-date-and-formats\"><div class=\"fusion-date-box updated\"><span class=\"fusion-date\">1<\/span><span class=\"fusion-month-year\">05, 2025<\/span><\/div><div class=\"fusion-format-box\"><i class=\"awb-icon-pen\" aria-hidden=\"true\"><\/i><\/div><\/div><div class=\"fusion-post-content post-content\"><h2 class=\"blog-shortcode-post-title entry-title\"><a href=\"https:\/\/fshi.edu.mk\/en\/konkurs-per-personelin-akademik-qendrim-erasmus-ne-universitetin-e-sarajeves-fakulteti-i-shkencave-islame-ne-sarajeve\/\">Konkurs p\u00ebr personelin akademik: Q\u00ebndrim Erasmus n\u00eb Universitetin e Sarajev\u00ebs, Fakulteti i Shkencave Islame n\u00eb Sarajev\u00eb<\/a><\/h2><p class=\"fusion-single-line-meta\"><span class=\"vcard\" style=\"display: none;\"><span class=\"fn\"><a href=\"https:\/\/fshi.edu.mk\/en\/author\/fshi_admin\/\" title=\"Posts by Administrator\" rel=\"author\">Administrator<\/a><\/span><\/span><span class=\"updated\" style=\"display:none;\">2025-05-02T22:03:43+00:00<\/span><span>May 1st, 2025<\/span><span class=\"fusion-inline-sep\">|<\/span><\/p><div class=\"fusion-post-content-container\"><\/div><\/div><div class=\"fusion-clearfix\"><\/div><div class=\"fusion-meta-info\"><div class=\"fusion-alignright\"><a class=\"fusion-read-more\" href=\"https:\/\/fshi.edu.mk\/en\/konkurs-per-personelin-akademik-qendrim-erasmus-ne-universitetin-e-sarajeves-fakulteti-i-shkencave-islame-ne-sarajeve\/\" aria-label=\"More on Konkurs p\u00ebr personelin akademik: Q\u00ebndrim Erasmus n\u00eb Universitetin e Sarajev\u00ebs, Fakulteti i Shkencave Islame n\u00eb Sarajev\u00eb\">Read More<\/a><\/div><\/div><\/article>\n<article id=\"blog-1-post-4288\" class=\"fusion-post-large-alternate post-4288 post type-post status-publish format-standard hentry category-konkurset\">\n<div class=\"fusion-date-and-formats\"><div class=\"fusion-date-box updated\"><span class=\"fusion-date\">3<\/span><span class=\"fusion-month-year\">04, 2025<\/span><\/div><div class=\"fusion-format-box\"><i class=\"awb-icon-pen\" aria-hidden=\"true\"><\/i><\/div><\/div><div class=\"fusion-post-content post-content\"><h2 class=\"blog-shortcode-post-title entry-title\"><a href=\"https:\/\/fshi.edu.mk\/en\/k-o-n-k-u-r-s-per-regjistrimin-e-studenteve-ne-studimet-deridiplomike-ne-programin-studimor-shkencat-islame-ne-fakultetin-e-shkencave-islame-shkup-per-ne-vitin-akademik-2025-2026\/\">K O N K U R S p\u00ebr regjistrimin e student\u00ebve n\u00eb studimet deridiplomike n\u00eb programin studimor Shkencat Islame n\u00eb Fakultetin e Shkencave Islame \u2013 Shkup, p\u00ebr n\u00eb vitin akademik 2025\/2026<\/a><\/h2><p class=\"fusion-single-line-meta\"><span class=\"vcard\" style=\"display: none;\"><span class=\"fn\"><a href=\"https:\/\/fshi.edu.mk\/en\/author\/fshi_admin\/\" title=\"Posts by Administrator\" rel=\"author\">Administrator<\/a><\/span><\/span><span class=\"updated\" style=\"display:none;\">2025-04-08T10:05:36+00:00<\/span><span>April 3rd, 2025<\/span><span class=\"fusion-inline-sep\">|<\/span><\/p><div class=\"fusion-post-content-container\">\n<p>\u00a0<\/p>\n<\/div><\/div><div class=\"fusion-clearfix\"><\/div><div class=\"fusion-meta-info\"><div class=\"fusion-alignright\"><a class=\"fusion-read-more\" href=\"https:\/\/fshi.edu.mk\/en\/k-o-n-k-u-r-s-per-regjistrimin-e-studenteve-ne-studimet-deridiplomike-ne-programin-studimor-shkencat-islame-ne-fakultetin-e-shkencave-islame-shkup-per-ne-vitin-akademik-2025-2026\/\" aria-label=\"More on K O N K U R S p\u00ebr regjistrimin e student\u00ebve n\u00eb studimet deridiplomike n\u00eb programin studimor Shkencat Islame n\u00eb Fakultetin e Shkencave Islame \u2013 Shkup, p\u00ebr n\u00eb vitin akademik 2025\/2026\">Read More<\/a><\/div><\/div><\/article>\n<\/div><div class=\"pagination clearfix\"><span class=\"current\">1<\/span><a href=\"https:\/\/fshi.edu.mk\/en\/wp-json\/wp\/v2\/pages\/2063\/page\/2\/\" class=\"inactive\">2<\/a><a class=\"pagination-next\" rel=\"next\" href=\"https:\/\/fshi.edu.mk\/en\/wp-json\/wp\/v2\/pages\/2063\/page\/2\/\"><span class=\"page-text\">Next<\/span><span class=\"page-next\"><\/span><\/a><\/div><div class=\"fusion-clearfix\"><\/div><\/div><\/div><\/div><\/div><\/div>","protected":false},"excerpt":{"rendered":"","protected":false},"author":2,"featured_media":0,"parent":0,"menu_order":0,"comment_status":"closed","ping_status":"closed","template":"","meta":{"footnotes":""},"class_list":["post-2063","page","type-page","status-publish","hentry"],"_links":{"self":[{"href":"https:\/\/fshi.edu.mk\/en\/wp-json\/wp\/v2\/pages\/2063","targetHints":{"allow":["GET"]}}],"collection":[{"href":"https:\/\/fshi.edu.mk\/en\/wp-json\/wp\/v2\/pages"}],"about":[{"href":"https:\/\/fshi.edu.mk\/en\/wp-json\/wp\/v2\/types\/page"}],"author":[{"embeddable":true,"href":"https:\/\/fshi.edu.mk\/en\/wp-json\/wp\/v2\/users\/2"}],"replies":[{"embeddable":true,"href":"https:\/\/fshi.edu.mk\/en\/wp-json\/wp\/v2\/comments?post=2063"}],"version-history":[{"count":2,"href":"https:\/\/fshi.edu.mk\/en\/wp-json\/wp\/v2\/pages\/2063\/revisions"}],"predecessor-version":[{"id":2202,"href":"https:\/\/fshi.edu.mk\/en\/wp-json\/wp\/v2\/pages\/2063\/revisions\/2202"}],"wp:attachment":[{"href":"https:\/\/fshi.edu.mk\/en\/wp-json\/wp\/v2\/media?parent=2063"}],"curies":[{"name":"wp","href":"https:\/\/api.w.org\/{rel}","templated":true}]}}